{"id":4953,"date":"2017-03-08T14:41:40","date_gmt":"2017-03-08T14:41:40","guid":{"rendered":"http:\/\/amct-ge.com\/?page_id=4953"},"modified":"2020-11-29T19:00:42","modified_gmt":"2020-11-29T19:00:42","slug":"formation-manageriale","status":"publish","type":"page","link":"http:\/\/amct-ge.com\/","title":{"rendered":"Home"},"content":{"rendered":"\t\t<div data-elementor-type=\"wp-page\" data-elementor-id=\"4953\" class=\"elementor elementor-4953\">\n\t\t\t\t\t\t<div class=\"elementor-inner\">\n\t\t\t\t<div class=\"elementor-section-wrap\">\n\t\t\t\t\t\t\t\t\t<section class=\"elementor-section elementor-top-section elementor-element elementor-element-798f20d4 elementor-section-boxed elementor-section-height-default elementor-section-height-default\" data-id=\"798f20d4\" data-element_type=\"section\">\n\t\t\t\t\t\t<div class=\"elementor-container elementor-column-gap-default\">\n\t\t\t\t\t\t\t<div class=\"elementor-row\">\n\t\t\t\t\t<div class=\"elementor-column elementor-col-100 elementor-top-column elementor-element elementor-element-4c0ace9\" data-id=\"4c0ace9\" data-element_type=\"column\">\n\t\t\t<div class=\"elementor-column-wrap\">\n\t\t\t\t\t\t\t<div class=\"elementor-widget-wrap\">\n\t\t\t\t\t\t\t\t<\/div>\n\t\t\t\t\t<\/div>\n\t\t<\/div>\n\t\t\t\t\t\t\t\t<\/div>\n\t\t\t\t\t<\/div>\n\t\t<\/section>\n\t\t\t\t<section class=\"elementor-section elementor-top-section elementor-element elementor-element-896dcbf elementor-section-boxed elementor-section-height-default elementor-section-height-default\" data-id=\"896dcbf\" data-element_type=\"section\">\n\t\t\t\t\t\t<div class=\"elementor-container elementor-column-gap-default\">\n\t\t\t\t\t\t\t<div class=\"elementor-row\">\n\t\t\t\t\t<div class=\"elementor-column elementor-col-33 elementor-top-column elementor-element elementor-element-c5b2b46\" data-id=\"c5b2b46\" data-element_type=\"column\">\n\t\t\t<div class=\"elementor-column-wrap elementor-element-populated\">\n\t\t\t\t\t\t\t<div class=\"elementor-widget-wrap\">\n\t\t\t\t\t\t<div class=\"elementor-element elementor-element-b94c62c elementor-widget elementor-widget-image\" data-id=\"b94c62c\" data-element_type=\"widget\" data-widget_type=\"image.default\">\n\t\t\t\t<div class=\"elementor-widget-container\">\n\t\t\t\t\t\t\t\t<div class=\"elementor-image\">\n\t\t\t\t\t\t\t\t\t\t\t\t<img data-attachment-id=\"6380\" data-permalink=\"http:\/\/amct-ge.com\/?attachment_id=6380\" data-orig-file=\"https:\/\/i1.wp.com\/amct-ge.com\/wp-content\/uploads\/2020\/11\/32873840-carte-du-cameroun-avec-le-drapeau-camerounais-sur-une-carte-du-monde-arriere-plan.jpg?fit=1300%2C1202\" data-orig-size=\"1300,1202\" data-comments-opened=\"1\" data-image-meta=\"{&quot;aperture&quot;:&quot;0&quot;,&quot;credit&quot;:&quot;&quot;,&quot;camera&quot;:&quot;&quot;,&quot;caption&quot;:&quot;Map of Cameroon with Cameroonian Flag on a world map background&quot;,&quot;created_timestamp&quot;:&quot;0&quot;,&quot;copyright&quot;:&quot;&quot;,&quot;focal_length&quot;:&quot;0&quot;,&quot;iso&quot;:&quot;0&quot;,&quot;shutter_speed&quot;:&quot;0&quot;,&quot;title&quot;:&quot;Map of Cameroon&quot;,&quot;orientation&quot;:&quot;1&quot;}\" data-image-title=\"Map of Cameroon\" data-image-description=\"\" data-medium-file=\"https:\/\/i1.wp.com\/amct-ge.com\/wp-content\/uploads\/2020\/11\/32873840-carte-du-cameroun-avec-le-drapeau-camerounais-sur-une-carte-du-monde-arriere-plan.jpg?fit=300%2C277\" data-large-file=\"https:\/\/i1.wp.com\/amct-ge.com\/wp-content\/uploads\/2020\/11\/32873840-carte-du-cameroun-avec-le-drapeau-camerounais-sur-une-carte-du-monde-arriere-plan.jpg?fit=1024%2C947\" width=\"1024\" height=\"947\" src=\"https:\/\/i1.wp.com\/amct-ge.com\/wp-content\/uploads\/2020\/11\/32873840-carte-du-cameroun-avec-le-drapeau-camerounais-sur-une-carte-du-monde-arriere-plan.jpg?fit=1024%2C947\" class=\"attachment-large size-large wp-image-6380\" alt=\"\" loading=\"lazy\" srcset=\"https:\/\/i1.wp.com\/amct-ge.com\/wp-content\/uploads\/2020\/11\/32873840-carte-du-cameroun-avec-le-drapeau-camerounais-sur-une-carte-du-monde-arriere-plan.jpg?w=1300 1300w, https:\/\/i1.wp.com\/amct-ge.com\/wp-content\/uploads\/2020\/11\/32873840-carte-du-cameroun-avec-le-drapeau-camerounais-sur-une-carte-du-monde-arriere-plan.jpg?resize=300%2C277 300w, https:\/\/i1.wp.com\/amct-ge.com\/wp-content\/uploads\/2020\/11\/32873840-carte-du-cameroun-avec-le-drapeau-camerounais-sur-une-carte-du-monde-arriere-plan.jpg?resize=1024%2C947 1024w, https:\/\/i1.wp.com\/amct-ge.com\/wp-content\/uploads\/2020\/11\/32873840-carte-du-cameroun-avec-le-drapeau-camerounais-sur-une-carte-du-monde-arriere-plan.jpg?resize=768%2C710 768w, https:\/\/i1.wp.com\/amct-ge.com\/wp-content\/uploads\/2020\/11\/32873840-carte-du-cameroun-avec-le-drapeau-camerounais-sur-une-carte-du-monde-arriere-plan.jpg?resize=150%2C139 150w\" sizes=\"(max-width: 1024px) 100vw, 1024px\" data-attachment-id=\"6380\" data-permalink=\"http:\/\/amct-ge.com\/?attachment_id=6380\" data-orig-file=\"https:\/\/i1.wp.com\/amct-ge.com\/wp-content\/uploads\/2020\/11\/32873840-carte-du-cameroun-avec-le-drapeau-camerounais-sur-une-carte-du-monde-arriere-plan.jpg?fit=1300%2C1202\" data-orig-size=\"1300,1202\" data-comments-opened=\"1\" data-image-meta=\"{&quot;aperture&quot;:&quot;0&quot;,&quot;credit&quot;:&quot;&quot;,&quot;camera&quot;:&quot;&quot;,&quot;caption&quot;:&quot;Map of Cameroon with Cameroonian Flag on a world map background&quot;,&quot;created_timestamp&quot;:&quot;0&quot;,&quot;copyright&quot;:&quot;&quot;,&quot;focal_length&quot;:&quot;0&quot;,&quot;iso&quot;:&quot;0&quot;,&quot;shutter_speed&quot;:&quot;0&quot;,&quot;title&quot;:&quot;Map of Cameroon&quot;,&quot;orientation&quot;:&quot;1&quot;}\" data-image-title=\"Map of Cameroon\" data-image-description=\"\" data-medium-file=\"https:\/\/i1.wp.com\/amct-ge.com\/wp-content\/uploads\/2020\/11\/32873840-carte-du-cameroun-avec-le-drapeau-camerounais-sur-une-carte-du-monde-arriere-plan.jpg?fit=300%2C277\" data-large-file=\"https:\/\/i1.wp.com\/amct-ge.com\/wp-content\/uploads\/2020\/11\/32873840-carte-du-cameroun-avec-le-drapeau-camerounais-sur-une-carte-du-monde-arriere-plan.jpg?fit=1024%2C947\" \/>\t\t\t\t\t\t\t\t\t\t\t\t\t\t<\/div>\n\t\t\t\t\t\t<\/div>\n\t\t\t\t<\/div>\n\t\t\t\t\t\t<\/div>\n\t\t\t\t\t<\/div>\n\t\t<\/div>\n\t\t\t\t<div class=\"elementor-column elementor-col-33 elementor-top-column elementor-element elementor-element-3e8ed6e\" data-id=\"3e8ed6e\" data-element_type=\"column\">\n\t\t\t<div class=\"elementor-column-wrap elementor-element-populated\">\n\t\t\t\t\t\t\t<div class=\"elementor-widget-wrap\">\n\t\t\t\t\t\t<div class=\"elementor-element elementor-element-055bdbf elementor-widget elementor-widget-text-editor\" data-id=\"055bdbf\" data-element_type=\"widget\" data-widget_type=\"text-editor.default\">\n\t\t\t\t<div class=\"elementor-widget-container\">\n\t\t\t\t\t\t\t\t<div class=\"elementor-text-editor elementor-clearfix\">\n\t\t\t\t<p style=\"text-align: justify;\" data-tadv-p=\"keep\"><span style=\"font-size: 18pt; color: #cc7ead;\"><strong><span style=\"color: #cc7ead;\">Les derni\u00e8res tendances de la mode<\/span> <span style=\"color: #cc7ead;\">Africaine du Cameroun, pour femmes, hommes et enfants <\/span><\/strong><strong><span style=\"color: #cc7ead;\">de la<\/span> <span style=\"color: #cc7ead;\">nouvelle g\u00e9n\u00e9ration.<\/span><\/strong><\/span><\/p>\n<h4 style=\"text-align: justify;\" data-tadv-p=\"keep\"><span style=\"font-size: 18pt; color: #cc7ead;\"><strong><span style=\"color: #cc7ead;\">Nous vous proposons des tenues de ville, de travail,<\/span> <span style=\"color: #cc7ead;\">de cocktail et des robes de soir\u00e9es dans des couleurs joyeuses et festives, chics, \u00e9l\u00e9gantes et classes dans des tissus Africains.<\/span><\/strong><\/span><\/h4>\t\t\t\t\t<\/div>\n\t\t\t\t\t\t<\/div>\n\t\t\t\t<\/div>\n\t\t\t\t\t\t<\/div>\n\t\t\t\t\t<\/div>\n\t\t<\/div>\n\t\t\t\t<div class=\"elementor-column elementor-col-33 elementor-top-column elementor-element elementor-element-be5c20d\" data-id=\"be5c20d\" data-element_type=\"column\">\n\t\t\t<div class=\"elementor-column-wrap elementor-element-populated\">\n\t\t\t\t\t\t\t<div class=\"elementor-widget-wrap\">\n\t\t\t\t\t\t<div class=\"elementor-element elementor-element-d9fb98e elementor-widget elementor-widget-image\" data-id=\"d9fb98e\" data-element_type=\"widget\" data-widget_type=\"image.default\">\n\t\t\t\t<div class=\"elementor-widget-container\">\n\t\t\t\t\t\t\t\t<div class=\"elementor-image\">\n\t\t\t\t\t\t\t\t\t\t\t\t<img data-attachment-id=\"6188\" data-permalink=\"http:\/\/amct-ge.com\/?attachment_id=6188\" data-orig-file=\"https:\/\/i0.wp.com\/amct-ge.com\/wp-content\/uploads\/2020\/11\/me.jpg?fit=640%2C640\" data-orig-size=\"640,640\" data-comments-opened=\"1\" data-image-meta=\"{&quot;aperture&quot;:&quot;0&quot;,&quot;credit&quot;:&quot;&quot;,&quot;camera&quot;:&quot;&quot;,&quot;caption&quot;:&quot;&quot;,&quot;created_timestamp&quot;:&quot;0&quot;,&quot;copyright&quot;:&quot;&quot;,&quot;focal_length&quot;:&quot;0&quot;,&quot;iso&quot;:&quot;0&quot;,&quot;shutter_speed&quot;:&quot;0&quot;,&quot;title&quot;:&quot;&quot;,&quot;orientation&quot;:&quot;0&quot;}\" data-image-title=\"me\" data-image-description=\"\" data-medium-file=\"https:\/\/i0.wp.com\/amct-ge.com\/wp-content\/uploads\/2020\/11\/me.jpg?fit=300%2C300\" data-large-file=\"https:\/\/i0.wp.com\/amct-ge.com\/wp-content\/uploads\/2020\/11\/me.jpg?fit=640%2C640\" width=\"640\" height=\"640\" src=\"https:\/\/i0.wp.com\/amct-ge.com\/wp-content\/uploads\/2020\/11\/me.jpg?fit=640%2C640\" class=\"attachment-large size-large wp-image-6188\" alt=\"\" loading=\"lazy\" srcset=\"https:\/\/i0.wp.com\/amct-ge.com\/wp-content\/uploads\/2020\/11\/me.jpg?w=640 640w, https:\/\/i0.wp.com\/amct-ge.com\/wp-content\/uploads\/2020\/11\/me.jpg?resize=300%2C300 300w, https:\/\/i0.wp.com\/amct-ge.com\/wp-content\/uploads\/2020\/11\/me.jpg?resize=150%2C150 150w\" sizes=\"(max-width: 640px) 100vw, 640px\" data-attachment-id=\"6188\" data-permalink=\"http:\/\/amct-ge.com\/?attachment_id=6188\" data-orig-file=\"https:\/\/i0.wp.com\/amct-ge.com\/wp-content\/uploads\/2020\/11\/me.jpg?fit=640%2C640\" data-orig-size=\"640,640\" data-comments-opened=\"1\" data-image-meta=\"{&quot;aperture&quot;:&quot;0&quot;,&quot;credit&quot;:&quot;&quot;,&quot;camera&quot;:&quot;&quot;,&quot;caption&quot;:&quot;&quot;,&quot;created_timestamp&quot;:&quot;0&quot;,&quot;copyright&quot;:&quot;&quot;,&quot;focal_length&quot;:&quot;0&quot;,&quot;iso&quot;:&quot;0&quot;,&quot;shutter_speed&quot;:&quot;0&quot;,&quot;title&quot;:&quot;&quot;,&quot;orientation&quot;:&quot;0&quot;}\" data-image-title=\"me\" data-image-description=\"\" data-medium-file=\"https:\/\/i0.wp.com\/amct-ge.com\/wp-content\/uploads\/2020\/11\/me.jpg?fit=300%2C300\" data-large-file=\"https:\/\/i0.wp.com\/amct-ge.com\/wp-content\/uploads\/2020\/11\/me.jpg?fit=640%2C640\" \/>\t\t\t\t\t\t\t\t\t\t\t\t\t\t<\/div>\n\t\t\t\t\t\t<\/div>\n\t\t\t\t<\/div>\n\t\t\t\t\t\t<\/div>\n\t\t\t\t\t<\/div>\n\t\t<\/div>\n\t\t\t\t\t\t\t\t<\/div>\n\t\t\t\t\t<\/div>\n\t\t<\/section>\n\t\t\t\t\t\t\t\t\t<\/div>\n\t\t\t<\/div>\n\t\t\t\t\t<\/div>\n\t\t","protected":false},"excerpt":{"rendered":"<p>Les derni\u00e8res tendances de la mode Africaine du Cameroun, pour femmes, hommes et enfants de la nouvelle g\u00e9n\u00e9ration. Nous vous proposons des tenues de ville, de travail, de cocktail et des robes de soir\u00e9es dans des couleurs joyeuses et festives, chics, \u00e9l\u00e9gantes et classes dans des tissus Africains. &lt;img width=\u00a0\u00bb640&Prime;\u2026<\/p>\n<p> <a class=\"continue-reading-link\" href=\"http:\/\/amct-ge.com\/\"><span>Continue reading<\/span><i class=\"crycon-right-dir\"><\/i><\/a> <\/p>\n","protected":false},"author":1,"featured_media":0,"parent":0,"menu_order":0,"comment_status":"closed","ping_status":"closed","template":"","meta":{"spay_email":""},"jetpack_sharing_enabled":true,"jetpack_shortlink":"https:\/\/wp.me\/P5Wtsv-1hT","jetpack-related-posts":[],"jetpack_likes_enabled":true,"_links":{"self":[{"href":"http:\/\/amct-ge.com\/index.php?rest_route=\/wp\/v2\/pages\/4953"}],"collection":[{"href":"http:\/\/amct-ge.com\/index.php?rest_route=\/wp\/v2\/pages"}],"about":[{"href":"http:\/\/amct-ge.com\/index.php?rest_route=\/wp\/v2\/types\/page"}],"author":[{"embeddable":true,"href":"http:\/\/amct-ge.com\/index.php?rest_route=\/wp\/v2\/users\/1"}],"replies":[{"embeddable":true,"href":"http:\/\/amct-ge.com\/index.php?rest_route=%2Fwp%2Fv2%2Fcomments&post=4953"}],"version-history":[{"count":112,"href":"http:\/\/amct-ge.com\/index.php?rest_route=\/wp\/v2\/pages\/4953\/revisions"}],"predecessor-version":[{"id":6471,"href":"http:\/\/amct-ge.com\/index.php?rest_route=\/wp\/v2\/pages\/4953\/revisions\/6471"}],"wp:attachment":[{"href":"http:\/\/amct-ge.com\/index.php?rest_route=%2Fwp%2Fv2%2Fmedia&parent=4953"}],"curies":[{"name":"wp","href":"https:\/\/api.w.org\/{rel}","templated":true}]}}