{"id":2315,"date":"2015-10-12T08:24:00","date_gmt":"2015-10-12T08:24:00","guid":{"rendered":"http:\/\/amct-ge.com\/?page_id=2315"},"modified":"2015-10-12T08:50:32","modified_gmt":"2015-10-12T08:50:32","slug":"inscription-atelier-comment-accompagner-les-changements-individuels","status":"publish","type":"page","link":"http:\/\/amct-ge.com\/?page_id=2315","title":{"rendered":"Inscription atelier : Comment accompagner les r\u00e9sistances individuels au changement ?"},"content":{"rendered":"<p><strong>Je m&rsquo;inscris pour l&rsquo;atelier :<\/strong><\/p>\n<h4 class=\"null\"><strong>Comment accompagner les r\u00e9sistances individuels au changement ?<\/strong><\/h4>\n<p><strong>\u00a0<\/strong><\/p>\n<h5>Mardi, le 20 octobre 2015<\/h5>\n<h5>de 18h30 \u00e0\u00a0 21h<\/h5>\n<h5>A l&rsquo;H\u00f4tel Calvy<\/h5>\n<h5>Rlle du Midi 5<\/h5>\n<h5>1207 Gen\u00e8ve<\/h5>\n<p>Tarif: CHF. 90,&#8211; TTC<\/p>\n<p><strong>Conditions<\/strong> 100% \u00e0 r\u00e9ception de la facture apr\u00e8s votre inscription<\/p>\n<p><strong>D\u00e9dit<\/strong> Le d\u00e9dit est de 50% du prix du cours en cas de retrait de la personne inscrite. Le montant est \u00e0\u00a0 faire valoir sur le prochain atelier dont la date sera communiqu\u00e9e ult\u00e9rieurement.<\/p>\n<h4><strong>Nombre des places limit\u00e9<\/strong><\/h4>\n<p>&nbsp;<\/p>\n<p><strong>Je m&rsquo;inscris:<\/strong><\/p>\n<h4><div id='contact-form-2315'>\n<form action='http:\/\/amct-ge.com\/?page_id=2315#contact-form-2315' method='post' class='contact-form commentsblock'>\n\n<div class='grunion-field-wrap grunion-field-name-wrap'  >\n<label\n\t\t\t\tfor='g2315-nometprnom'\n\t\t\t\tclass='grunion-field-label name'\n\t\t\t\t>Nom et pr\u00e9nom<span>(obligatoire)<\/span><\/label>\n<input\n\t\t\t\t\ttype='text'\n\t\t\t\t\tname='g2315-nometprnom'\n\t\t\t\t\tid='g2315-nometprnom'\n\t\t\t\t\tvalue=''\n\t\t\t\t\tclass='name' \n\t\t\t\t\trequired aria-required='true'\n\t\t\t\t\/>\n\t<\/div>\n\n<div class='grunion-field-wrap grunion-field-text-wrap'  >\n<label\n\t\t\t\tfor='g2315-entreprise'\n\t\t\t\tclass='grunion-field-label text'\n\t\t\t\t>Entreprise<\/label>\n<input\n\t\t\t\t\ttype='text'\n\t\t\t\t\tname='g2315-entreprise'\n\t\t\t\t\tid='g2315-entreprise'\n\t\t\t\t\tvalue=''\n\t\t\t\t\tclass='text' \n\t\t\t\t\t\n\t\t\t\t\/>\n\t<\/div>\n\n<div class='grunion-field-wrap grunion-field-text-wrap'  >\n<label\n\t\t\t\tfor='g2315-positiondanslentreprise'\n\t\t\t\tclass='grunion-field-label text'\n\t\t\t\t>Position dans l&#039;entreprise<\/label>\n<input\n\t\t\t\t\ttype='text'\n\t\t\t\t\tname='g2315-positiondanslentreprise'\n\t\t\t\t\tid='g2315-positiondanslentreprise'\n\t\t\t\t\tvalue=''\n\t\t\t\t\tclass='text' \n\t\t\t\t\t\n\t\t\t\t\/>\n\t<\/div>\n\n<div class='grunion-field-wrap grunion-field-text-wrap'  >\n<label\n\t\t\t\tfor='g2315-adresse'\n\t\t\t\tclass='grunion-field-label text'\n\t\t\t\t>Adresse<span>(obligatoire)<\/span><\/label>\n<input\n\t\t\t\t\ttype='text'\n\t\t\t\t\tname='g2315-adresse'\n\t\t\t\t\tid='g2315-adresse'\n\t\t\t\t\tvalue=''\n\t\t\t\t\tclass='text' \n\t\t\t\t\trequired aria-required='true'\n\t\t\t\t\/>\n\t<\/div>\n\n<div class='grunion-field-wrap grunion-field-text-wrap'  >\n<label\n\t\t\t\tfor='g2315-adressedefacturation'\n\t\t\t\tclass='grunion-field-label text'\n\t\t\t\t>Adresse de facturation<\/label>\n<input\n\t\t\t\t\ttype='text'\n\t\t\t\t\tname='g2315-adressedefacturation'\n\t\t\t\t\tid='g2315-adressedefacturation'\n\t\t\t\t\tvalue=''\n\t\t\t\t\tclass='text' \n\t\t\t\t\t\n\t\t\t\t\/>\n\t<\/div>\n\n<div class='grunion-field-wrap grunion-field-text-wrap'  >\n<label\n\t\t\t\tfor='g2315-email'\n\t\t\t\tclass='grunion-field-label text'\n\t\t\t\t>E-mail<\/label>\n<input\n\t\t\t\t\ttype='text'\n\t\t\t\t\tname='g2315-email'\n\t\t\t\t\tid='g2315-email'\n\t\t\t\t\tvalue=''\n\t\t\t\t\tclass='text' \n\t\t\t\t\t\n\t\t\t\t\/>\n\t<\/div>\n\n<div class='grunion-field-wrap grunion-field-text-wrap'  >\n<label\n\t\t\t\tfor='g2315-tlphone'\n\t\t\t\tclass='grunion-field-label text'\n\t\t\t\t>T\u00e9l\u00e9phone<\/label>\n<input\n\t\t\t\t\ttype='text'\n\t\t\t\t\tname='g2315-tlphone'\n\t\t\t\t\tid='g2315-tlphone'\n\t\t\t\t\tvalue=''\n\t\t\t\t\tclass='text' \n\t\t\t\t\t\n\t\t\t\t\/>\n\t<\/div>\n\n<div class='grunion-field-wrap grunion-field-checkbox-wrap'  >\n<label class='grunion-field-label checkbox'>\t\t<input type='checkbox' name='g2315-jeminscrispourlateliercommentaccompagnerlesrsistancesindividuelsauchangementlemardi20octobre2015genve' value='Oui' class='checkbox'  required aria-required='true'\/> \n\t\t Je m&#039;inscris pour l&#039;atelier: &quot; Comment accompagner les r\u00e9sistances individuels au changement ? &quot; le mardi 20 octobre 2015, \u00e0 Gen\u00e8ve<span>(obligatoire)<\/span><\/label>\n<div class='clear-form'><\/div>\n\t<\/div>\n\n<div class='grunion-field-wrap grunion-field-textarea-wrap'  >\n<label\n\t\t\t\tfor='contact-form-comment-g2315-commentaire'\n\t\t\t\tclass='grunion-field-label textarea'\n\t\t\t\t>Commentaire<\/label>\n<textarea\n\t\t                name='g2315-commentaire'\n\t\t                id='contact-form-comment-g2315-commentaire'\n\t\t                rows='20' class='textarea'  ><\/textarea>\n\t<\/div>\n\t<p class='contact-submit'>\n\t\t<button type='submit' class='pushbutton-wide'>Envoyer<\/button>\t\t<input type='hidden' name='contact-form-id' value='2315' \/>\n\t\t<input type='hidden' name='action' value='grunion-contact-form' \/>\n\t\t<input type='hidden' name='contact-form-hash' value='a872ed942aa87a37cb074de32f26f1aef3675adc' \/>\n\t<\/p>\n<\/form>\n<\/div><\/h4>\n","protected":false},"excerpt":{"rendered":"<p>Je m&rsquo;inscris pour l&rsquo;atelier : Comment accompagner les r\u00e9sistances individuels au changement ? \u00a0 Mardi, le 20 octobre 2015 de 18h30 \u00e0\u00a0 21h A l&rsquo;H\u00f4tel Calvy Rlle du Midi 5 1207 Gen\u00e8ve Tarif: CHF. 90,&#8211; TTC Conditions 100% \u00e0 r\u00e9ception de la facture apr\u00e8s votre inscription D\u00e9dit Le d\u00e9dit est\u2026<\/p>\n<p> <a class=\"continue-reading-link\" href=\"http:\/\/amct-ge.com\/?page_id=2315\"><span>Continue reading<\/span><i class=\"crycon-right-dir\"><\/i><\/a> <\/p>\n","protected":false},"author":1,"featured_media":0,"parent":0,"menu_order":0,"comment_status":"closed","ping_status":"closed","template":"","meta":{"spay_email":""},"jetpack_sharing_enabled":true,"jetpack_shortlink":"https:\/\/wp.me\/P5Wtsv-Bl","jetpack-related-posts":[],"jetpack_likes_enabled":true,"_links":{"self":[{"href":"http:\/\/amct-ge.com\/index.php?rest_route=\/wp\/v2\/pages\/2315"}],"collection":[{"href":"http:\/\/amct-ge.com\/index.php?rest_route=\/wp\/v2\/pages"}],"about":[{"href":"http:\/\/amct-ge.com\/index.php?rest_route=\/wp\/v2\/types\/page"}],"author":[{"embeddable":true,"href":"http:\/\/amct-ge.com\/index.php?rest_route=\/wp\/v2\/users\/1"}],"replies":[{"embeddable":true,"href":"http:\/\/amct-ge.com\/index.php?rest_route=%2Fwp%2Fv2%2Fcomments&post=2315"}],"version-history":[{"count":9,"href":"http:\/\/amct-ge.com\/index.php?rest_route=\/wp\/v2\/pages\/2315\/revisions"}],"predecessor-version":[{"id":2329,"href":"http:\/\/amct-ge.com\/index.php?rest_route=\/wp\/v2\/pages\/2315\/revisions\/2329"}],"wp:attachment":[{"href":"http:\/\/amct-ge.com\/index.php?rest_route=%2Fwp%2Fv2%2Fmedia&parent=2315"}],"curies":[{"name":"wp","href":"https:\/\/api.w.org\/{rel}","templated":true}]}}